{"id":802,"date":"2023-10-21T13:29:54","date_gmt":"2023-10-21T16:29:54","guid":{"rendered":"https:\/\/msbmanager.us\/es\/?page_id=802"},"modified":"2024-12-08T20:50:47","modified_gmt":"2024-12-08T23:50:47","slug":"faq","status":"publish","type":"page","link":"https:\/\/msbmanager.us\/es\/faq\/","title":{"rendered":"FAQ"},"content":{"rendered":"\t\t<div data-elementor-type=\"wp-page\" data-elementor-id=\"802\" class=\"elementor elementor-802\" data-elementor-post-type=\"page\">\n\t\t\t\t\t\t<section class=\"elementor-section elementor-top-section elementor-element elementor-element-d0e198a elementor-section-content-middle elementor-section-boxed elementor-section-height-default elementor-section-height-default jltma-glass-effect-no elementor-invisible\" data-id=\"d0e198a\" data-element_type=\"section\" data-settings=\"{&quot;animation&quot;:&quot;fadeIn&quot;}\">\n\t\t\t\t\t\t<div class=\"elementor-container elementor-column-gap-no\">\n\t\t\t\t\t<div class=\"elementor-column elementor-col-100 elementor-top-column elementor-element elementor-element-00c8f08 jltma-glass-effect-no\" data-id=\"00c8f08\" data-element_type=\"column\">\n\t\t\t<div class=\"elementor-widget-wrap elementor-element-populated\">\n\t\t\t\t\t\t<div class=\"elementor-element elementor-element-8ae1f4b elementor-hidden-phone jltma-glass-effect-no elementor-widget elementor-widget-image\" data-id=\"8ae1f4b\" data-element_type=\"widget\" data-widget_type=\"image.default\">\n\t\t\t\t<div class=\"elementor-widget-container\">\n\t\t\t\t\t\t\t\t\t\t\t\t\t\t\t<img decoding=\"async\" src=\"https:\/\/msbmanager.us\/es\/wp-content\/uploads\/sites\/3\/2023\/08\/E-1-1.png\" title=\"E-1-1.png\" alt=\"E-1-1.png\" loading=\"lazy\" \/>\t\t\t\t\t\t\t\t\t\t\t\t\t\t\t<\/div>\n\t\t\t\t<\/div>\n\t\t\t\t<div class=\"elementor-element elementor-element-a2c8725 jltma-glass-effect-no elementor-widget elementor-widget-text-editor\" data-id=\"a2c8725\" data-element_type=\"widget\" data-widget_type=\"text-editor.default\">\n\t\t\t\t<div class=\"elementor-widget-container\">\n\t\t\t\t\t\t\t\t\t<span style=\"vertical-align: inherit;\"><span style=\"vertical-align: inherit;\"><span style=\"vertical-align: inherit;\"><span style=\"vertical-align: inherit;\">Preguntas frecuentes <\/span><\/span><\/span><\/span><span style=\"color: #0964fd;\"><span style=\"vertical-align: inherit;\"><span style=\"vertical-align: inherit;\"><span style=\"vertical-align: inherit;\"><span style=\"vertical-align: inherit;\">FAQ<\/span><\/span><\/span><\/span><\/span>\t\t\t\t\t\t\t\t<\/div>\n\t\t\t\t<\/div>\n\t\t\t\t\t<\/div>\n\t\t<\/div>\n\t\t\t\t\t<\/div>\n\t\t<\/section>\n\t\t\t\t<section class=\"elementor-section elementor-top-section elementor-element elementor-element-275c461 elementor-section-boxed elementor-section-height-default elementor-section-height-default jltma-glass-effect-no\" data-id=\"275c461\" data-element_type=\"section\">\n\t\t\t\t\t\t<div class=\"elementor-container elementor-column-gap-default\">\n\t\t\t\t\t<div class=\"elementor-column elementor-col-100 elementor-top-column elementor-element elementor-element-54d6c9e jltma-glass-effect-no\" data-id=\"54d6c9e\" data-element_type=\"column\">\n\t\t\t<div class=\"elementor-widget-wrap elementor-element-populated\">\n\t\t\t\t\t\t<div class=\"elementor-element elementor-element-63e11a2 jltma-glass-effect-no elementor-widget elementor-widget-ma-advanced-accordion\" data-id=\"63e11a2\" data-element_type=\"widget\" data-settings=\"{&quot;accordion_type&quot;:&quot;accordion&quot;,&quot;toggle_speed&quot;:300}\" data-widget_type=\"ma-advanced-accordion.default\">\n\t\t\t\t<div class=\"elementor-widget-container\">\n\t\t\t\t\t\n\t\t<div class=\"jltma-advanced-accordion\" id=\"jltma-advanced-accordion-63e11a2\" data-accordion-id=\"63e11a2\" \t\tdata-accordion-id=\"63e11a2\">\n\t\t\t<div class=\"ma-accordion-wrap ma-accordion-icon-align- ma-accordion-63e11a2\"\">\n\n\t\t\t\t\n\t\t\t\t\t<div\n\t\t\t\t\t\tclass=\"jltma-accordion-item elementor-repeater-item-50b0222 \">\n\t\t\t\t\t\t<div \t\t\tid=\"jltma-accordion-tab-title-1041\" class=\"jltma-accordion-tab-title jltma-accordion-header\" tabindex=\"1041\" data-tab=\"1\" role=\"tab\" aria-controls=\"jltma-accordion-tab-content-1041\">\n\t\t\t\t\t\t\t<div class=\"jltma-accordion-title-icon\">\n\n\t\t\t\t\t\t\t\t\n\t\t\t\t\t\t\t\t<div class=\"jltma-accordion-title-text\">\n\t\t\t\t\t\t\t\t\t 1) \u00bfQu\u00e9 es MSB?\t\t\t\t\t\t\t\t<\/div>\n\t\t\t\t\t\t\t<\/div>\n\n\t\t\t\t\t\t\t\t\t\t\t\t\t\t\t\t<span class=\"jltma-accordion-toggle-icon jltma-accordion-tab-icon\">\n\t\t\t\t\t\t\t\t\t\t<i aria-hidden=\"true\" class=\"jltma-el-accordion-icon-closed fas fa-minus-circle\"><\/i><i aria-hidden=\"true\" class=\"jltma-el-accordion-icon-opened fas fa-plus-circle\"><\/i>\t\t\t\t\t\t\t\t\t<\/span>\n\t\t\t\t\t\t\t\t\n\t\t\t\t\t\t<\/div>\n\n\t\t\t\t\t\t<div id=\"jltma-accordion-tab-content-1041\" class=\"jltma-accordion-tab-content\" data-tab=\"1\" role=\"tabpanel\" aria-labelledby=\"jltma-accordion-tab-title-1041\">\n\t\t\t\t\t\t\tEl t\u00e9rmino, en ingl\u00e9s, significa \"Money Services Business\", que se traduce como \"Negocio de Servicios Financieros\". Dentro de esta clasificaci\u00f3n se incluyen varios tipos de negocios en el mercado estadounidense, como cambio de cheques, emisores de money orders y, entre otros, negocios que ofrecen servicios de transferencias de dinero. Estos \u00faltimos son los clientes de MsB Manager.\t\t\t\t\t\t<\/div>\n\n\t\t\t\t\t<\/div>\n\t\t\t\t\n\t\t\t\t\t<div\n\t\t\t\t\t\tclass=\"jltma-accordion-item elementor-repeater-item-d80bcbd \">\n\t\t\t\t\t\t<div \t\t\tid=\"jltma-accordion-tab-title-1042\" class=\"jltma-accordion-tab-title jltma-accordion-header\" tabindex=\"1042\" data-tab=\"2\" role=\"tab\" aria-controls=\"jltma-accordion-tab-content-1042\">\n\t\t\t\t\t\t\t<div class=\"jltma-accordion-title-icon\">\n\n\t\t\t\t\t\t\t\t\n\t\t\t\t\t\t\t\t<div class=\"jltma-accordion-title-text\">\n\t\t\t\t\t\t\t\t\t2) \u00bfQu\u00e9 ofrece MsB Manager?\t\t\t\t\t\t\t\t<\/div>\n\t\t\t\t\t\t\t<\/div>\n\n\t\t\t\t\t\t\t\t\t\t\t\t\t\t\t\t<span class=\"jltma-accordion-toggle-icon jltma-accordion-tab-icon\">\n\t\t\t\t\t\t\t\t\t\t<i aria-hidden=\"true\" class=\"jltma-el-accordion-icon-closed fas fa-minus-circle\"><\/i><i aria-hidden=\"true\" class=\"jltma-el-accordion-icon-opened fas fa-plus-circle\"><\/i>\t\t\t\t\t\t\t\t\t<\/span>\n\t\t\t\t\t\t\t\t\n\t\t\t\t\t\t<\/div>\n\n\t\t\t\t\t\t<div id=\"jltma-accordion-tab-content-1042\" class=\"jltma-accordion-tab-content\" data-tab=\"2\" role=\"tabpanel\" aria-labelledby=\"jltma-accordion-tab-title-1042\">\n\t\t\t\t\t\t\tMsB Manager es una plataforma sencilla que permite a peque\u00f1os negocios de env\u00edos de dinero gestionar todas sus actividades en un solo lugar. Con MsB Manager, las tiendas pueden gestionar los datos de los clientes, monitorear hist\u00f3ricos de env\u00edos, administrar diferentes proveedoras, almacenar todos los documentos del negocio, incluidos los de los clientes, responder auditor\u00edas r\u00e1pidamente y mucho m\u00e1s.\t\t\t\t\t\t<\/div>\n\n\t\t\t\t\t<\/div>\n\t\t\t\t\n\t\t\t\t\t<div\n\t\t\t\t\t\tclass=\"jltma-accordion-item elementor-repeater-item-98a34ed \">\n\t\t\t\t\t\t<div \t\t\tid=\"jltma-accordion-tab-title-1043\" class=\"jltma-accordion-tab-title jltma-accordion-header\" tabindex=\"1043\" data-tab=\"3\" role=\"tab\" aria-controls=\"jltma-accordion-tab-content-1043\">\n\t\t\t\t\t\t\t<div class=\"jltma-accordion-title-icon\">\n\n\t\t\t\t\t\t\t\t\n\t\t\t\t\t\t\t\t<div class=\"jltma-accordion-title-text\">\n\t\t\t\t\t\t\t\t\t3) \u00bfQu\u00e9 pasa si no tengo tiempo para registrar un env\u00edo en el sistema?\t\t\t\t\t\t\t\t<\/div>\n\t\t\t\t\t\t\t<\/div>\n\n\t\t\t\t\t\t\t\t\t\t\t\t\t\t\t\t<span class=\"jltma-accordion-toggle-icon jltma-accordion-tab-icon\">\n\t\t\t\t\t\t\t\t\t\t<i aria-hidden=\"true\" class=\"jltma-el-accordion-icon-closed fas fa-minus-circle\"><\/i><i aria-hidden=\"true\" class=\"jltma-el-accordion-icon-opened fas fa-plus-circle\"><\/i>\t\t\t\t\t\t\t\t\t<\/span>\n\t\t\t\t\t\t\t\t\n\t\t\t\t\t\t<\/div>\n\n\t\t\t\t\t\t<div id=\"jltma-accordion-tab-content-1043\" class=\"jltma-accordion-tab-content\" data-tab=\"3\" role=\"tabpanel\" aria-labelledby=\"jltma-accordion-tab-title-1043\">\n\t\t\t\t\t\t\t\u00a1No te preocupes! MsB Manager permite registrar los env\u00edos en lote al final del d\u00eda, durante el cierre de caja. As\u00ed puedes seguir atendiendo a tus clientes sin interrupciones y registrar toda la informaci\u00f3n necesaria posteriormente. Esto garantiza que los datos est\u00e9n organizados y actualizados en el sistema, facilitando el control y evitando retrasos o inconsistencias en la gesti\u00f3n de tu tienda.\t\t\t\t\t\t<\/div>\n\n\t\t\t\t\t<\/div>\n\t\t\t\t\n\t\t\t\t\t<div\n\t\t\t\t\t\tclass=\"jltma-accordion-item elementor-repeater-item-db40930 \">\n\t\t\t\t\t\t<div \t\t\tid=\"jltma-accordion-tab-title-1044\" class=\"jltma-accordion-tab-title jltma-accordion-header\" tabindex=\"1044\" data-tab=\"4\" role=\"tab\" aria-controls=\"jltma-accordion-tab-content-1044\">\n\t\t\t\t\t\t\t<div class=\"jltma-accordion-title-icon\">\n\n\t\t\t\t\t\t\t\t\n\t\t\t\t\t\t\t\t<div class=\"jltma-accordion-title-text\">\n\t\t\t\t\t\t\t\t\t4) \u00bfQu\u00e9 es el espacio de almacenamiento de cada plan?\t\t\t\t\t\t\t\t<\/div>\n\t\t\t\t\t\t\t<\/div>\n\n\t\t\t\t\t\t\t\t\t\t\t\t\t\t\t\t<span class=\"jltma-accordion-toggle-icon jltma-accordion-tab-icon\">\n\t\t\t\t\t\t\t\t\t\t<i aria-hidden=\"true\" class=\"jltma-el-accordion-icon-closed fas fa-minus-circle\"><\/i><i aria-hidden=\"true\" class=\"jltma-el-accordion-icon-opened fas fa-plus-circle\"><\/i>\t\t\t\t\t\t\t\t\t<\/span>\n\t\t\t\t\t\t\t\t\n\t\t\t\t\t\t<\/div>\n\n\t\t\t\t\t\t<div id=\"jltma-accordion-tab-content-1044\" class=\"jltma-accordion-tab-content\" data-tab=\"4\" role=\"tabpanel\" aria-labelledby=\"jltma-accordion-tab-title-1044\">\n\t\t\t\t\t\t\tLa capacidad para almacenar documentos en el sistema depende del plan que elijas. Cuando alcances el l\u00edmite de espacio disponible, el sistema te notificar\u00e1, y podr\u00e1s contratar espacio adicional, actualizar tu plan o eliminar registros antiguos para liberar espacio.\t\t\t\t\t\t<\/div>\n\n\t\t\t\t\t<\/div>\n\t\t\t\t\n\t\t\t\t\t<div\n\t\t\t\t\t\tclass=\"jltma-accordion-item elementor-repeater-item-a98e3ac \">\n\t\t\t\t\t\t<div \t\t\tid=\"jltma-accordion-tab-title-1045\" class=\"jltma-accordion-tab-title jltma-accordion-header\" tabindex=\"1045\" data-tab=\"5\" role=\"tab\" aria-controls=\"jltma-accordion-tab-content-1045\">\n\t\t\t\t\t\t\t<div class=\"jltma-accordion-title-icon\">\n\n\t\t\t\t\t\t\t\t\n\t\t\t\t\t\t\t\t<div class=\"jltma-accordion-title-text\">\n\t\t\t\t\t\t\t\t\t5) \u00bfPuedo hacer una prueba antes de decidirme?\t\t\t\t\t\t\t\t<\/div>\n\t\t\t\t\t\t\t<\/div>\n\n\t\t\t\t\t\t\t\t\t\t\t\t\t\t\t\t<span class=\"jltma-accordion-toggle-icon jltma-accordion-tab-icon\">\n\t\t\t\t\t\t\t\t\t\t<i aria-hidden=\"true\" class=\"jltma-el-accordion-icon-closed fas fa-minus-circle\"><\/i><i aria-hidden=\"true\" class=\"jltma-el-accordion-icon-opened fas fa-plus-circle\"><\/i>\t\t\t\t\t\t\t\t\t<\/span>\n\t\t\t\t\t\t\t\t\n\t\t\t\t\t\t<\/div>\n\n\t\t\t\t\t\t<div id=\"jltma-accordion-tab-content-1045\" class=\"jltma-accordion-tab-content\" data-tab=\"5\" role=\"tabpanel\" aria-labelledby=\"jltma-accordion-tab-title-1045\">\n\t\t\t\t\t\t\tS\u00ed, puedes probar MsB Manager gratis durante 14 d\u00edas. Este periodo te permitir\u00e1 explorar todas las funcionalidades y comprobar c\u00f3mo nuestro software puede simplificar la gesti\u00f3n de tu tienda de env\u00edos.\t\t\t\t\t\t<\/div>\n\n\t\t\t\t\t<\/div>\n\t\t\t\t\n\t\t\t\t\t<div\n\t\t\t\t\t\tclass=\"jltma-accordion-item elementor-repeater-item-9c8cf13 \">\n\t\t\t\t\t\t<div \t\t\tid=\"jltma-accordion-tab-title-1046\" class=\"jltma-accordion-tab-title jltma-accordion-header\" tabindex=\"1046\" data-tab=\"6\" role=\"tab\" aria-controls=\"jltma-accordion-tab-content-1046\">\n\t\t\t\t\t\t\t<div class=\"jltma-accordion-title-icon\">\n\n\t\t\t\t\t\t\t\t\n\t\t\t\t\t\t\t\t<div class=\"jltma-accordion-title-text\">\n\t\t\t\t\t\t\t\t\t6) \u00bfPor qu\u00e9 necesito un software de gesti\u00f3n para mi tienda de env\u00edos?\t\t\t\t\t\t\t\t<\/div>\n\t\t\t\t\t\t\t<\/div>\n\n\t\t\t\t\t\t\t\t\t\t\t\t\t\t\t\t<span class=\"jltma-accordion-toggle-icon jltma-accordion-tab-icon\">\n\t\t\t\t\t\t\t\t\t\t<i aria-hidden=\"true\" class=\"jltma-el-accordion-icon-closed fas fa-minus-circle\"><\/i><i aria-hidden=\"true\" class=\"jltma-el-accordion-icon-opened fas fa-plus-circle\"><\/i>\t\t\t\t\t\t\t\t\t<\/span>\n\t\t\t\t\t\t\t\t\n\t\t\t\t\t\t<\/div>\n\n\t\t\t\t\t\t<div id=\"jltma-accordion-tab-content-1046\" class=\"jltma-accordion-tab-content\" data-tab=\"6\" role=\"tabpanel\" aria-labelledby=\"jltma-accordion-tab-title-1046\">\n\t\t\t\t\t\t\tUn software como MsB Manager optimiza tu rutina, te da control total sobre tu negocio y te ayuda a tomar decisiones estrat\u00e9gicas. En el sector de env\u00edos, proteger los datos y evitar errores es esencial. MsB Manager centraliza la informaci\u00f3n, conecta datos de diferentes proveedoras y automatiza tareas como la generaci\u00f3n de informes de ventas, protegiendo tus operaciones, ahorrando tiempo y simplificando la gesti\u00f3n. As\u00ed, puedes concentrarte en el crecimiento de tu negocio.\t\t\t\t\t\t<\/div>\n\n\t\t\t\t\t<\/div>\n\t\t\t\t\n\t\t\t\t\t<div\n\t\t\t\t\t\tclass=\"jltma-accordion-item elementor-repeater-item-d5d2b6a \">\n\t\t\t\t\t\t<div \t\t\tid=\"jltma-accordion-tab-title-1047\" class=\"jltma-accordion-tab-title jltma-accordion-header\" tabindex=\"1047\" data-tab=\"7\" role=\"tab\" aria-controls=\"jltma-accordion-tab-content-1047\">\n\t\t\t\t\t\t\t<div class=\"jltma-accordion-title-icon\">\n\n\t\t\t\t\t\t\t\t\n\t\t\t\t\t\t\t\t<div class=\"jltma-accordion-title-text\">\n\t\t\t\t\t\t\t\t\t7) \u00bfLos env\u00edos se registran autom\u00e1ticamente?\t\t\t\t\t\t\t\t<\/div>\n\t\t\t\t\t\t\t<\/div>\n\n\t\t\t\t\t\t\t\t\t\t\t\t\t\t\t\t<span class=\"jltma-accordion-toggle-icon jltma-accordion-tab-icon\">\n\t\t\t\t\t\t\t\t\t\t<i aria-hidden=\"true\" class=\"jltma-el-accordion-icon-closed fas fa-minus-circle\"><\/i><i aria-hidden=\"true\" class=\"jltma-el-accordion-icon-opened fas fa-plus-circle\"><\/i>\t\t\t\t\t\t\t\t\t<\/span>\n\t\t\t\t\t\t\t\t\n\t\t\t\t\t\t<\/div>\n\n\t\t\t\t\t\t<div id=\"jltma-accordion-tab-content-1047\" class=\"jltma-accordion-tab-content\" data-tab=\"7\" role=\"tabpanel\" aria-labelledby=\"jltma-accordion-tab-title-1047\">\n\t\t\t\t\t\t\tNo, los registros no son autom\u00e1ticos, pero MsB Manager hace que el proceso sea sencillo y eficiente. Puedes registrar los env\u00edos en tiempo real o en lote al final del d\u00eda, durante el cierre de caja. De esta manera, tu equipo mantiene todo organizado y actualizado sin comprometer la atenci\u00f3n al cliente.\t\t\t\t\t\t<\/div>\n\n\t\t\t\t\t<\/div>\n\t\t\t\t\n\t\t\t\t\t<div\n\t\t\t\t\t\tclass=\"jltma-accordion-item elementor-repeater-item-7862307 \">\n\t\t\t\t\t\t<div \t\t\tid=\"jltma-accordion-tab-title-1048\" class=\"jltma-accordion-tab-title jltma-accordion-header\" tabindex=\"1048\" data-tab=\"8\" role=\"tab\" aria-controls=\"jltma-accordion-tab-content-1048\">\n\t\t\t\t\t\t\t<div class=\"jltma-accordion-title-icon\">\n\n\t\t\t\t\t\t\t\t\n\t\t\t\t\t\t\t\t<div class=\"jltma-accordion-title-text\">\n\t\t\t\t\t\t\t\t\t8) \u00bfHay alg\u00fan costo de instalaci\u00f3n?\t\t\t\t\t\t\t\t<\/div>\n\t\t\t\t\t\t\t<\/div>\n\n\t\t\t\t\t\t\t\t\t\t\t\t\t\t\t\t<span class=\"jltma-accordion-toggle-icon jltma-accordion-tab-icon\">\n\t\t\t\t\t\t\t\t\t\t<i aria-hidden=\"true\" class=\"jltma-el-accordion-icon-closed fas fa-minus-circle\"><\/i><i aria-hidden=\"true\" class=\"jltma-el-accordion-icon-opened fas fa-plus-circle\"><\/i>\t\t\t\t\t\t\t\t\t<\/span>\n\t\t\t\t\t\t\t\t\n\t\t\t\t\t\t<\/div>\n\n\t\t\t\t\t\t<div id=\"jltma-accordion-tab-content-1048\" class=\"jltma-accordion-tab-content\" data-tab=\"8\" role=\"tabpanel\" aria-labelledby=\"jltma-accordion-tab-title-1048\">\n\t\t\t\t\t\t\tNo, no hay costo de instalaci\u00f3n. Una vez que contrates un plan, se generar\u00e1n tu usuario y contrase\u00f1a, y podr\u00e1s empezar a usar todas las funcionalidades del sistema. Despu\u00e9s del periodo de prueba gratuito, solo se cobrar\u00e1 el valor mensual o anual seg\u00fan el plan que elijas.\n\nEn cualquier momento, puedes contar con nuestro soporte gratuito para resolver dudas por correo electr\u00f3nico, chat o WhatsApp.\t\t\t\t\t\t<\/div>\n\n\t\t\t\t\t<\/div>\n\t\t\t\t\n\t\t\t\t\t<div\n\t\t\t\t\t\tclass=\"jltma-accordion-item elementor-repeater-item-b37631b \">\n\t\t\t\t\t\t<div \t\t\tid=\"jltma-accordion-tab-title-1049\" class=\"jltma-accordion-tab-title jltma-accordion-header\" tabindex=\"1049\" data-tab=\"9\" role=\"tab\" aria-controls=\"jltma-accordion-tab-content-1049\">\n\t\t\t\t\t\t\t<div class=\"jltma-accordion-title-icon\">\n\n\t\t\t\t\t\t\t\t\n\t\t\t\t\t\t\t\t<div class=\"jltma-accordion-title-text\">\n\t\t\t\t\t\t\t\t\t9) \u00bfC\u00f3mo resuelvo dudas sobre los planos?\t\t\t\t\t\t\t\t<\/div>\n\t\t\t\t\t\t\t<\/div>\n\n\t\t\t\t\t\t\t\t\t\t\t\t\t\t\t\t<span class=\"jltma-accordion-toggle-icon jltma-accordion-tab-icon\">\n\t\t\t\t\t\t\t\t\t\t<i aria-hidden=\"true\" class=\"jltma-el-accordion-icon-closed fas fa-minus-circle\"><\/i><i aria-hidden=\"true\" class=\"jltma-el-accordion-icon-opened fas fa-plus-circle\"><\/i>\t\t\t\t\t\t\t\t\t<\/span>\n\t\t\t\t\t\t\t\t\n\t\t\t\t\t\t<\/div>\n\n\t\t\t\t\t\t<div id=\"jltma-accordion-tab-content-1049\" class=\"jltma-accordion-tab-content\" data-tab=\"9\" role=\"tabpanel\" aria-labelledby=\"jltma-accordion-tab-title-1049\">\n\t\t\t\t\t\t\t<p>Para resolver todas tus dudas sobre los planes, simplemente contacta a uno de nuestros especialistas. <a href=\"https:\/\/msbmanager.us\/es\/hable-con-un-experto\/\">Haz clic aqu\u00ed<\/a>, y estaremos listos para ayudarte a elegir el plan que mejor se adapte a tus necesidades.<\/p>\t\t\t\t\t\t<\/div>\n\n\t\t\t\t\t<\/div>\n\t\t\t\t\n\t\t\t\t\t<div\n\t\t\t\t\t\tclass=\"jltma-accordion-item elementor-repeater-item-bc3ca6b \">\n\t\t\t\t\t\t<div \t\t\tid=\"jltma-accordion-tab-title-10410\" class=\"jltma-accordion-tab-title jltma-accordion-header\" tabindex=\"10410\" data-tab=\"10\" role=\"tab\" aria-controls=\"jltma-accordion-tab-content-10410\">\n\t\t\t\t\t\t\t<div class=\"jltma-accordion-title-icon\">\n\n\t\t\t\t\t\t\t\t\n\t\t\t\t\t\t\t\t<div class=\"jltma-accordion-title-text\">\n\t\t\t\t\t\t\t\t\t10) \u00bfC\u00f3mo funciona el servicio de soporte?\t\t\t\t\t\t\t\t<\/div>\n\t\t\t\t\t\t\t<\/div>\n\n\t\t\t\t\t\t\t\t\t\t\t\t\t\t\t\t<span class=\"jltma-accordion-toggle-icon jltma-accordion-tab-icon\">\n\t\t\t\t\t\t\t\t\t\t<i aria-hidden=\"true\" class=\"jltma-el-accordion-icon-closed fas fa-minus-circle\"><\/i><i aria-hidden=\"true\" class=\"jltma-el-accordion-icon-opened fas fa-plus-circle\"><\/i>\t\t\t\t\t\t\t\t\t<\/span>\n\t\t\t\t\t\t\t\t\n\t\t\t\t\t\t<\/div>\n\n\t\t\t\t\t\t<div id=\"jltma-accordion-tab-content-10410\" class=\"jltma-accordion-tab-content\" data-tab=\"10\" role=\"tabpanel\" aria-labelledby=\"jltma-accordion-tab-title-10410\">\n\t\t\t\t\t\t\tMsB Manager ofrece manuales y videos tutoriales para ayudarte a aprovechar todas las funcionalidades de nuestra plataforma. Adem\u00e1s, nuestro equipo de soporte est\u00e1 disponible para resolver tus dudas y ofrecer asistencia personalizada, incluso agendando ayuda con la implementaci\u00f3n.\n\nPuedes abrir un ticket directamente desde el bot\u00f3n de soporte en tu portal o contactar nuestra central de atenci\u00f3n telef\u00f3nica. Nuestro horario de atenci\u00f3n es de lunes a viernes, de 8:00 a.m. a 6:00 p.m.\t\t\t\t\t\t<\/div>\n\n\t\t\t\t\t<\/div>\n\t\t\t\t\t\t\t<\/div>\n\t\t<\/div>\n\t\t\t\t\t\t<\/div>\n\t\t\t\t<\/div>\n\t\t\t\t\t<\/div>\n\t\t<\/div>\n\t\t\t\t\t<\/div>\n\t\t<\/section>\n\t\t\t\t<section class=\"elementor-section elementor-top-section elementor-element elementor-element-e7d2507 elementor-section-boxed elementor-section-height-default elementor-section-height-default jltma-glass-effect-no elementor-invisible\" data-id=\"e7d2507\" data-element_type=\"section\" data-settings=\"{&quot;background_background&quot;:&quot;classic&quot;,&quot;animation&quot;:&quot;fadeIn&quot;}\">\n\t\t\t\t\t\t<div class=\"elementor-container elementor-column-gap-default\">\n\t\t\t\t\t<div class=\"elementor-column elementor-col-50 elementor-top-column elementor-element elementor-element-43f3ef1 jltma-glass-effect-no\" data-id=\"43f3ef1\" data-element_type=\"column\">\n\t\t\t<div class=\"elementor-widget-wrap elementor-element-populated\">\n\t\t\t\t\t\t<div class=\"elementor-element elementor-element-346dd12 jltma-glass-effect-no elementor-widget elementor-widget-text-editor\" data-id=\"346dd12\" data-element_type=\"widget\" data-widget_type=\"text-editor.default\">\n\t\t\t\t<div class=\"elementor-widget-container\">\n\t\t\t\t\t\t\t\t\t<p style=\"text-align: left;\">\u00bfA\u00fan tienes dudas?<\/p>\n<p style=\"text-align: left;\">\n\nTenemos las respuestas.<\/p>\t\t\t\t\t\t\t\t<\/div>\n\t\t\t\t<\/div>\n\t\t\t\t\t<\/div>\n\t\t<\/div>\n\t\t\t\t<div class=\"elementor-column elementor-col-50 elementor-top-column elementor-element elementor-element-5218a24 jltma-glass-effect-no\" data-id=\"5218a24\" data-element_type=\"column\">\n\t\t\t<div class=\"elementor-widget-wrap elementor-element-populated\">\n\t\t\t\t\t\t<div class=\"elementor-element elementor-element-293a1e9 elementor-mobile-align-center elementor-align-center jltma-glass-effect-no elementor-widget elementor-widget-button\" data-id=\"293a1e9\" data-element_type=\"widget\" data-widget_type=\"button.default\">\n\t\t\t\t<div class=\"elementor-widget-container\">\n\t\t\t\t\t\t\t\t\t<div class=\"elementor-button-wrapper\">\n\t\t\t\t\t<a class=\"elementor-button elementor-button-link elementor-size-sm elementor-animation-bob\" href=\"https:\/\/msbmanager.us\/es\/hable-con-un-experto\/\" target=\"_blank\">\n\t\t\t\t\t\t<span class=\"elementor-button-content-wrapper\">\n\t\t\t\t\t\t\t\t\t<span class=\"elementor-button-text\">HABLE CON UN EXPERTO<\/span>\n\t\t\t\t\t<\/span>\n\t\t\t\t\t<\/a>\n\t\t\t\t<\/div>\n\t\t\t\t\t\t\t\t<\/div>\n\t\t\t\t<\/div>\n\t\t\t\t\t<\/div>\n\t\t<\/div>\n\t\t\t\t\t<\/div>\n\t\t<\/section>\n\t\t\t\t<\/div>\n\t\t\r\n\t\t\t<div id=\"daexthefu-container\"\r\n\t\t\t\tclass=\"daexthefu-container daexthefu-layout-side-by-side daexthefu-alignment-left\"\r\n\t\t\t\tdata-post-id=\"802\">\r\n\r\n\t\t\t\t<div class=\"daexthefu-feedback\">\r\n\t\t\t\t\t<div class=\"daexthefu-text\">\r\n\t\t\t\t\t\t<h3 class=\"daexthefu-title\">Was this helpful?<\/h3>\r\n\t\t\t\t\t<\/div>\r\n\t\t\t\t\t<div class=\"daexthefu-buttons-container\">\r\n\t\t\t\t\t\t<div class=\"daexthefu-buttons\">\r\n\t\t\t\t\t\t\t\r\n\t\t\t<div class=\"daexthefu-yes daexthefu-button daexthefu-button-type-text\" data-value=\"1\">\r\n\t\t\t\t<div class=\"daexthefu-button-text\">Yes<\/div>\r\n\t\t\t<\/div>\r\n\r\n\t\t\t\t\t\t\t\t\t\t\r\n\t\t\t<div class=\"daexthefu-no daexthefu-button daexthefu-button-type-text\" data-value=\"0\">\r\n\t\t\t\t<div class=\"daexthefu-button-text\">No<\/div>\r\n\t\t\t<\/div>\r\n\r\n\t\t\t\t\t\t\t\t\t<\/div>\r\n\t\t\t\t\t<\/div>\r\n\t\t\t\t<\/div>\r\n\r\n\t\t\t\t<div class=\"daexthefu-comment\">\r\n\t\t\t\t\t<div class=\"daexthefu-comment-top-container\">\r\n\t\t\t\t\t\t<label id=\"daexthefu-comment-label\" class=\"daexthefu-comment-label\"><\/label>\r\n\t\t\t\t\t\t\t\t\t\t\t\t\t<div class=\"daexthefu-comment-character-counter-container\">\r\n\t\t\t\t\t\t\t\t<div id=\"daexthefu-comment-character-counter-number\"\r\n\t\t\t\t\t\t\t\t\tclass=\"daexthefu-comment-character-counter-number\"><\/div>\r\n\t\t\t\t\t\t\t\t<div class=\"daexthefu-comment-character-counter-text\"><\/div>\r\n\t\t\t\t\t\t\t<\/div>\r\n\t\t\t\t\t\t\t\t\t\t\t<\/div>\r\n\t\t\t\t\t<textarea id=\"daexthefu-comment-textarea\" class=\"daexthefu-comment-textarea\"\r\n\t\t\t\t\t\t\t\tplaceholder=\"Type your message\"\r\n\t\t\t\t\t\t\t\tmaxlength=\"\r\n\t\t\t\t\t\t\t\t400\t\t\t\t\t\t\t\t\t\"><\/textarea>\r\n\t\t\t\t\t<div class=\"daexthefu-comment-buttons-container\">\r\n\t\t\t\t\t\t<button class=\"daexthefu-comment-submit daexthefu-button\">Submit<\/button>\r\n\t\t\t\t\t\t<button class=\"daexthefu-comment-cancel daexthefu-button\">Cancel<\/button>\r\n\t\t\t\t\t<\/div>\r\n\t\t\t\t<\/div>\r\n\r\n\t\t\t\t<div class=\"daexthefu-successful-submission-text\">Thanks for your feedback!<\/div>\r\n\r\n\t\t\t<\/div>\r\n\r\n\t\t\t","protected":false},"excerpt":{"rendered":"<p>Preguntas frecuentes FAQ 1) \u00bfQu\u00e9 es MSB? El t\u00e9rmino, en ingl\u00e9s, significa &#8220;Money Services Business&#8221;, que se traduce como &#8220;Negocio de Servicios Financieros&#8221;. Dentro de esta clasificaci\u00f3n se incluyen varios tipos de negocios en el mercado estadounidense, como cambio de cheques, emisores de money orders y, entre otros, negocios que ofrecen servicios de transferencias de [&hellip;]<\/p>\n","protected":false},"author":1,"featured_media":0,"parent":0,"menu_order":0,"comment_status":"closed","ping_status":"closed","template":"","meta":{"_helpful_status":1,"footnotes":""},"class_list":["post-802","page","type-page","status-publish","hentry"],"_links":{"self":[{"href":"https:\/\/msbmanager.us\/es\/wp-json\/wp\/v2\/pages\/802","targetHints":{"allow":["GET"]}}],"collection":[{"href":"https:\/\/msbmanager.us\/es\/wp-json\/wp\/v2\/pages"}],"about":[{"href":"https:\/\/msbmanager.us\/es\/wp-json\/wp\/v2\/types\/page"}],"author":[{"embeddable":true,"href":"https:\/\/msbmanager.us\/es\/wp-json\/wp\/v2\/users\/1"}],"replies":[{"embeddable":true,"href":"https:\/\/msbmanager.us\/es\/wp-json\/wp\/v2\/comments?post=802"}],"version-history":[{"count":34,"href":"https:\/\/msbmanager.us\/es\/wp-json\/wp\/v2\/pages\/802\/revisions"}],"predecessor-version":[{"id":1083,"href":"https:\/\/msbmanager.us\/es\/wp-json\/wp\/v2\/pages\/802\/revisions\/1083"}],"wp:attachment":[{"href":"https:\/\/msbmanager.us\/es\/wp-json\/wp\/v2\/media?parent=802"}],"curies":[{"name":"wp","href":"https:\/\/api.w.org\/{rel}","templated":true}]}}