{"id":959,"date":"2023-10-15T11:51:21","date_gmt":"2023-10-15T14:51:21","guid":{"rendered":"https:\/\/msbmanager.us\/pt\/?page_id=959"},"modified":"2024-12-08T16:11:07","modified_gmt":"2024-12-08T19:11:07","slug":"faq","status":"publish","type":"page","link":"https:\/\/msbmanager.us\/pt\/faq\/","title":{"rendered":"FAQ"},"content":{"rendered":"\t\t<div data-elementor-type=\"wp-page\" data-elementor-id=\"959\" class=\"elementor elementor-959\" data-elementor-post-type=\"page\">\n\t\t\t\t\t\t<section class=\"elementor-section elementor-top-section elementor-element elementor-element-8d08ae2 elementor-section-content-middle elementor-section-boxed elementor-section-height-default elementor-section-height-default jltma-glass-effect-no elementor-invisible\" data-id=\"8d08ae2\" data-element_type=\"section\" data-settings=\"{&quot;animation&quot;:&quot;fadeIn&quot;}\">\n\t\t\t\t\t\t<div class=\"elementor-container elementor-column-gap-no\">\n\t\t\t\t\t<div class=\"elementor-column elementor-col-100 elementor-top-column elementor-element elementor-element-755f5e8 jltma-glass-effect-no\" data-id=\"755f5e8\" data-element_type=\"column\">\n\t\t\t<div class=\"elementor-widget-wrap elementor-element-populated\">\n\t\t\t\t\t\t<div class=\"elementor-element elementor-element-790e690 elementor-hidden-phone jltma-glass-effect-no elementor-widget elementor-widget-image\" data-id=\"790e690\" data-element_type=\"widget\" data-widget_type=\"image.default\">\n\t\t\t\t<div class=\"elementor-widget-container\">\n\t\t\t\t\t\t\t\t\t\t\t\t\t\t\t<img decoding=\"async\" src=\"https:\/\/msbmanager.us\/pt\/wp-content\/uploads\/sites\/2\/2023\/08\/E-1-1.png\" title=\"E-1-1.png\" alt=\"E-1-1.png\" loading=\"lazy\" \/>\t\t\t\t\t\t\t\t\t\t\t\t\t\t\t<\/div>\n\t\t\t\t<\/div>\n\t\t\t\t<div class=\"elementor-element elementor-element-7ccb2ee jltma-glass-effect-no elementor-widget elementor-widget-text-editor\" data-id=\"7ccb2ee\" data-element_type=\"widget\" data-widget_type=\"text-editor.default\">\n\t\t\t\t<div class=\"elementor-widget-container\">\n\t\t\t\t\t\t\t\t\t<p><span style=\"vertical-align: inherit;\"><span style=\"vertical-align: inherit;\"><span style=\"vertical-align: inherit;\"><span style=\"vertical-align: inherit;\">Perguntas Frequentes <\/span><\/span><\/span><\/span><span style=\"color: #0964fd;\"><span style=\"vertical-align: inherit;\"><span style=\"vertical-align: inherit;\"><span style=\"vertical-align: inherit;\"><span style=\"vertical-align: inherit;\">FAQ<\/span><\/span><\/span><\/span><\/span><\/p>\t\t\t\t\t\t\t\t<\/div>\n\t\t\t\t<\/div>\n\t\t\t\t\t<\/div>\n\t\t<\/div>\n\t\t\t\t\t<\/div>\n\t\t<\/section>\n\t\t\t\t<section class=\"elementor-section elementor-top-section elementor-element elementor-element-c77b9d8 elementor-section-boxed elementor-section-height-default elementor-section-height-default jltma-glass-effect-no\" data-id=\"c77b9d8\" data-element_type=\"section\">\n\t\t\t\t\t\t<div class=\"elementor-container elementor-column-gap-default\">\n\t\t\t\t\t<div class=\"elementor-column elementor-col-100 elementor-top-column elementor-element elementor-element-78582f8 jltma-glass-effect-no\" data-id=\"78582f8\" data-element_type=\"column\">\n\t\t\t<div class=\"elementor-widget-wrap elementor-element-populated\">\n\t\t\t\t\t\t<div class=\"elementor-element elementor-element-4cf3929 jltma-glass-effect-no elementor-widget elementor-widget-ma-advanced-accordion\" data-id=\"4cf3929\" data-element_type=\"widget\" data-settings=\"{&quot;accordion_type&quot;:&quot;accordion&quot;,&quot;toggle_speed&quot;:300}\" data-widget_type=\"ma-advanced-accordion.default\">\n\t\t\t\t<div class=\"elementor-widget-container\">\n\t\t\t\t\t\n\t\t<div class=\"jltma-advanced-accordion\" id=\"jltma-advanced-accordion-4cf3929\" data-accordion-id=\"4cf3929\" \t\tdata-accordion-id=\"4cf3929\">\n\t\t\t<div class=\"ma-accordion-wrap ma-accordion-icon-align- ma-accordion-4cf3929\"\">\n\n\t\t\t\t\n\t\t\t\t\t<div\n\t\t\t\t\t\tclass=\"jltma-accordion-item elementor-repeater-item-50b0222 \">\n\t\t\t\t\t\t<div \t\t\tid=\"jltma-accordion-tab-title-8061\" class=\"jltma-accordion-tab-title jltma-accordion-header\" tabindex=\"8061\" data-tab=\"1\" role=\"tab\" aria-controls=\"jltma-accordion-tab-content-8061\">\n\t\t\t\t\t\t\t<div class=\"jltma-accordion-title-icon\">\n\n\t\t\t\t\t\t\t\t\n\t\t\t\t\t\t\t\t<div class=\"jltma-accordion-title-text\">\n\t\t\t\t\t\t\t\t\t1) O que \u00e9 MSB?\t\t\t\t\t\t\t\t<\/div>\n\t\t\t\t\t\t\t<\/div>\n\n\t\t\t\t\t\t\t\t\t\t\t\t\t\t\t\t<span class=\"jltma-accordion-toggle-icon jltma-accordion-tab-icon\">\n\t\t\t\t\t\t\t\t\t\t<i aria-hidden=\"true\" class=\"jltma-el-accordion-icon-closed fas fa-minus-circle\"><\/i><i aria-hidden=\"true\" class=\"jltma-el-accordion-icon-opened fas fa-plus-circle\"><\/i>\t\t\t\t\t\t\t\t\t<\/span>\n\t\t\t\t\t\t\t\t\n\t\t\t\t\t\t<\/div>\n\n\t\t\t\t\t\t<div id=\"jltma-accordion-tab-content-8061\" class=\"jltma-accordion-tab-content\" data-tab=\"1\" role=\"tabpanel\" aria-labelledby=\"jltma-accordion-tab-title-8061\">\n\t\t\t\t\t\t\t<span style=\"vertical-align: inherit;\">O termo, em ingl\u00eas, significa \u201cMoney Services Business\u201d que em portugu\u00eas \u00e9 traduzido como \u201c Neg\u00f3cios de Servi\u00e7os Financeiros\u201d. Nessa classifica\u00e7\u00e3o est\u00e3o inclusos diversos tipos de neg\u00f3cios no mercado americano, como trocas de cheques, emissores de money orders e, entre outros est\u00e3o os neg\u00f3cios que prestam servi\u00e7os de transfer\u00eancia de dinheiro, que s\u00e3o os clientes aqui da MsB Manager.<\/span>\t\t\t\t\t\t<\/div>\n\n\t\t\t\t\t<\/div>\n\t\t\t\t\n\t\t\t\t\t<div\n\t\t\t\t\t\tclass=\"jltma-accordion-item elementor-repeater-item-6d8db12 \">\n\t\t\t\t\t\t<div \t\t\tid=\"jltma-accordion-tab-title-8062\" class=\"jltma-accordion-tab-title jltma-accordion-header\" tabindex=\"8062\" data-tab=\"2\" role=\"tab\" aria-controls=\"jltma-accordion-tab-content-8062\">\n\t\t\t\t\t\t\t<div class=\"jltma-accordion-title-icon\">\n\n\t\t\t\t\t\t\t\t\n\t\t\t\t\t\t\t\t<div class=\"jltma-accordion-title-text\">\n\t\t\t\t\t\t\t\t\t2) O que a MsB Manager oferece?\t\t\t\t\t\t\t\t<\/div>\n\t\t\t\t\t\t\t<\/div>\n\n\t\t\t\t\t\t\t\t\t\t\t\t\t\t\t\t<span class=\"jltma-accordion-toggle-icon jltma-accordion-tab-icon\">\n\t\t\t\t\t\t\t\t\t\t<i aria-hidden=\"true\" class=\"jltma-el-accordion-icon-closed fas fa-minus-circle\"><\/i><i aria-hidden=\"true\" class=\"jltma-el-accordion-icon-opened fas fa-plus-circle\"><\/i>\t\t\t\t\t\t\t\t\t<\/span>\n\t\t\t\t\t\t\t\t\n\t\t\t\t\t\t<\/div>\n\n\t\t\t\t\t\t<div id=\"jltma-accordion-tab-content-8062\" class=\"jltma-accordion-tab-content\" data-tab=\"2\" role=\"tabpanel\" aria-labelledby=\"jltma-accordion-tab-title-8062\">\n\t\t\t\t\t\t\tA MsB Manager \u00e9 uma plataforma simples que permite facilmente que pequenos neg\u00f3cios de remessas de dinheiro possam gerenciar todas as suas atividades em um \u00fanico lugar. Com a MsB Manager as lojas podem gerir os dados dos clientes, acompanhar hist\u00f3ricos de remessas, gerenciar diferentes provedoras, armazenar todos os documentos do neg\u00f3cio, incluindo documentos dos clientes, responder a auditorias de forma r\u00e1pida e muito mais.\t\t\t\t\t\t<\/div>\n\n\t\t\t\t\t<\/div>\n\t\t\t\t\n\t\t\t\t\t<div\n\t\t\t\t\t\tclass=\"jltma-accordion-item elementor-repeater-item-98a34ed \">\n\t\t\t\t\t\t<div \t\t\tid=\"jltma-accordion-tab-title-8063\" class=\"jltma-accordion-tab-title jltma-accordion-header\" tabindex=\"8063\" data-tab=\"3\" role=\"tab\" aria-controls=\"jltma-accordion-tab-content-8063\">\n\t\t\t\t\t\t\t<div class=\"jltma-accordion-title-icon\">\n\n\t\t\t\t\t\t\t\t\n\t\t\t\t\t\t\t\t<div class=\"jltma-accordion-title-text\">\n\t\t\t\t\t\t\t\t\t3) O que acontece se eu n\u00e3o tiver tempo de cadastrar uma remessa no sistema?\t\t\t\t\t\t\t\t<\/div>\n\t\t\t\t\t\t\t<\/div>\n\n\t\t\t\t\t\t\t\t\t\t\t\t\t\t\t\t<span class=\"jltma-accordion-toggle-icon jltma-accordion-tab-icon\">\n\t\t\t\t\t\t\t\t\t\t<i aria-hidden=\"true\" class=\"jltma-el-accordion-icon-closed fas fa-minus-circle\"><\/i><i aria-hidden=\"true\" class=\"jltma-el-accordion-icon-opened fas fa-plus-circle\"><\/i>\t\t\t\t\t\t\t\t\t<\/span>\n\t\t\t\t\t\t\t\t\n\t\t\t\t\t\t<\/div>\n\n\t\t\t\t\t\t<div id=\"jltma-accordion-tab-content-8063\" class=\"jltma-accordion-tab-content\" data-tab=\"3\" role=\"tabpanel\" aria-labelledby=\"jltma-accordion-tab-title-8063\">\n\t\t\t\t\t\t\tSem problemas! A MsB Manager permite que voc\u00ea fa\u00e7a o cadastro das remessas em lote ao final do dia, durante o fechamento de caixa. Dessa forma, voc\u00ea pode continuar atendendo seus clientes sem interrup\u00e7\u00f5es e registrar todas as informa\u00e7\u00f5es necess\u00e1rias posteriormente, garantindo que os dados estejam organizados e atualizados no sistema. Isso facilita o controle e evita atrasos ou inconsist\u00eancias na gest\u00e3o da sua loja.\t\t\t\t\t\t<\/div>\n\n\t\t\t\t\t<\/div>\n\t\t\t\t\n\t\t\t\t\t<div\n\t\t\t\t\t\tclass=\"jltma-accordion-item elementor-repeater-item-e671296 \">\n\t\t\t\t\t\t<div \t\t\tid=\"jltma-accordion-tab-title-8064\" class=\"jltma-accordion-tab-title jltma-accordion-header\" tabindex=\"8064\" data-tab=\"4\" role=\"tab\" aria-controls=\"jltma-accordion-tab-content-8064\">\n\t\t\t\t\t\t\t<div class=\"jltma-accordion-title-icon\">\n\n\t\t\t\t\t\t\t\t\n\t\t\t\t\t\t\t\t<div class=\"jltma-accordion-title-text\">\n\t\t\t\t\t\t\t\t\t4) O que \u00e9 o espa\u00e7o de armazenamento de cada plano?\t\t\t\t\t\t\t\t<\/div>\n\t\t\t\t\t\t\t<\/div>\n\n\t\t\t\t\t\t\t\t\t\t\t\t\t\t\t\t<span class=\"jltma-accordion-toggle-icon jltma-accordion-tab-icon\">\n\t\t\t\t\t\t\t\t\t\t<i aria-hidden=\"true\" class=\"jltma-el-accordion-icon-closed fas fa-minus-circle\"><\/i><i aria-hidden=\"true\" class=\"jltma-el-accordion-icon-opened fas fa-plus-circle\"><\/i>\t\t\t\t\t\t\t\t\t<\/span>\n\t\t\t\t\t\t\t\t\n\t\t\t\t\t\t<\/div>\n\n\t\t\t\t\t\t<div id=\"jltma-accordion-tab-content-8064\" class=\"jltma-accordion-tab-content\" data-tab=\"4\" role=\"tabpanel\" aria-labelledby=\"jltma-accordion-tab-title-8064\">\n\t\t\t\t\t\t\tA capacidade de armazenar documentos no sistema depende do plano escolhido. Quando atingir o espa\u00e7o total o sistema ir\u00e1 lhe avisar e ent\u00e3o voc\u00ea poder\u00e1 contratar espa\u00e7o adicional, fazer upgrade de plano ou excluir registros antigos para liberar espa\u00e7o.\t\t\t\t\t\t<\/div>\n\n\t\t\t\t\t<\/div>\n\t\t\t\t\n\t\t\t\t\t<div\n\t\t\t\t\t\tclass=\"jltma-accordion-item elementor-repeater-item-a98e3ac \">\n\t\t\t\t\t\t<div \t\t\tid=\"jltma-accordion-tab-title-8065\" class=\"jltma-accordion-tab-title jltma-accordion-header\" tabindex=\"8065\" data-tab=\"5\" role=\"tab\" aria-controls=\"jltma-accordion-tab-content-8065\">\n\t\t\t\t\t\t\t<div class=\"jltma-accordion-title-icon\">\n\n\t\t\t\t\t\t\t\t\n\t\t\t\t\t\t\t\t<div class=\"jltma-accordion-title-text\">\n\t\t\t\t\t\t\t\t\t5) Posso fazer um teste antes de decidir?\t\t\t\t\t\t\t\t<\/div>\n\t\t\t\t\t\t\t<\/div>\n\n\t\t\t\t\t\t\t\t\t\t\t\t\t\t\t\t<span class=\"jltma-accordion-toggle-icon jltma-accordion-tab-icon\">\n\t\t\t\t\t\t\t\t\t\t<i aria-hidden=\"true\" class=\"jltma-el-accordion-icon-closed fas fa-minus-circle\"><\/i><i aria-hidden=\"true\" class=\"jltma-el-accordion-icon-opened fas fa-plus-circle\"><\/i>\t\t\t\t\t\t\t\t\t<\/span>\n\t\t\t\t\t\t\t\t\n\t\t\t\t\t\t<\/div>\n\n\t\t\t\t\t\t<div id=\"jltma-accordion-tab-content-8065\" class=\"jltma-accordion-tab-content\" data-tab=\"5\" role=\"tabpanel\" aria-labelledby=\"jltma-accordion-tab-title-8065\">\n\t\t\t\t\t\t\tSim, voc\u00ea pode testar o MsB Manager gratuitamente por 14 dias. Esse per\u00edodo permite que voc\u00ea explore todas as funcionalidades e veja como nosso software pode simplificar a gest\u00e3o da sua loja de remessas.\t\t\t\t\t\t<\/div>\n\n\t\t\t\t\t<\/div>\n\t\t\t\t\n\t\t\t\t\t<div\n\t\t\t\t\t\tclass=\"jltma-accordion-item elementor-repeater-item-b3b91cd \">\n\t\t\t\t\t\t<div \t\t\tid=\"jltma-accordion-tab-title-8066\" class=\"jltma-accordion-tab-title jltma-accordion-header\" tabindex=\"8066\" data-tab=\"6\" role=\"tab\" aria-controls=\"jltma-accordion-tab-content-8066\">\n\t\t\t\t\t\t\t<div class=\"jltma-accordion-title-icon\">\n\n\t\t\t\t\t\t\t\t\n\t\t\t\t\t\t\t\t<div class=\"jltma-accordion-title-text\">\n\t\t\t\t\t\t\t\t\t6) Por que eu preciso de um software de gest\u00e3o para a minha loja de remessas?\t\t\t\t\t\t\t\t<\/div>\n\t\t\t\t\t\t\t<\/div>\n\n\t\t\t\t\t\t\t\t\t\t\t\t\t\t\t\t<span class=\"jltma-accordion-toggle-icon jltma-accordion-tab-icon\">\n\t\t\t\t\t\t\t\t\t\t<i aria-hidden=\"true\" class=\"jltma-el-accordion-icon-closed fas fa-minus-circle\"><\/i><i aria-hidden=\"true\" class=\"jltma-el-accordion-icon-opened fas fa-plus-circle\"><\/i>\t\t\t\t\t\t\t\t\t<\/span>\n\t\t\t\t\t\t\t\t\n\t\t\t\t\t\t<\/div>\n\n\t\t\t\t\t\t<div id=\"jltma-accordion-tab-content-8066\" class=\"jltma-accordion-tab-content\" data-tab=\"6\" role=\"tabpanel\" aria-labelledby=\"jltma-accordion-tab-title-8066\">\n\t\t\t\t\t\t\t<p>Um software de gest\u00e3o, como a MsB Manager, otimiza sua rotina, d\u00e1 total controle sobre o neg\u00f3cio e ajuda a tomar decis\u00f5es estrat\u00e9gicas. No setor de remessas, proteger dados e evitar falhas \u00e9 essencial.<\/p><p>A MsB Manager centraliza informa\u00e7\u00f5es, conecta dados de diferentes provedoras e automatiza tarefas como relat\u00f3rios de vendas, protegendo suas opera\u00e7\u00f5es e economizando tempo. Ele simplifica sua gest\u00e3o, permitindo que voc\u00ea foque no crescimento do seu neg\u00f3cio.<\/p>\t\t\t\t\t\t<\/div>\n\n\t\t\t\t\t<\/div>\n\t\t\t\t\n\t\t\t\t\t<div\n\t\t\t\t\t\tclass=\"jltma-accordion-item elementor-repeater-item-d5d2b6a \">\n\t\t\t\t\t\t<div \t\t\tid=\"jltma-accordion-tab-title-8067\" class=\"jltma-accordion-tab-title jltma-accordion-header\" tabindex=\"8067\" data-tab=\"7\" role=\"tab\" aria-controls=\"jltma-accordion-tab-content-8067\">\n\t\t\t\t\t\t\t<div class=\"jltma-accordion-title-icon\">\n\n\t\t\t\t\t\t\t\t\n\t\t\t\t\t\t\t\t<div class=\"jltma-accordion-title-text\">\n\t\t\t\t\t\t\t\t\t7) Os cadastros das remessas s\u00e3o feitos de forma autom\u00e1tica?\t\t\t\t\t\t\t\t<\/div>\n\t\t\t\t\t\t\t<\/div>\n\n\t\t\t\t\t\t\t\t\t\t\t\t\t\t\t\t<span class=\"jltma-accordion-toggle-icon jltma-accordion-tab-icon\">\n\t\t\t\t\t\t\t\t\t\t<i aria-hidden=\"true\" class=\"jltma-el-accordion-icon-closed fas fa-minus-circle\"><\/i><i aria-hidden=\"true\" class=\"jltma-el-accordion-icon-opened fas fa-plus-circle\"><\/i>\t\t\t\t\t\t\t\t\t<\/span>\n\t\t\t\t\t\t\t\t\n\t\t\t\t\t\t<\/div>\n\n\t\t\t\t\t\t<div id=\"jltma-accordion-tab-content-8067\" class=\"jltma-accordion-tab-content\" data-tab=\"7\" role=\"tabpanel\" aria-labelledby=\"jltma-accordion-tab-title-8067\">\n\t\t\t\t\t\t\tOs cadastros n\u00e3o s\u00e3o autom\u00e1ticos, mas o MsB Manager torna o processo simples e eficiente. Voc\u00ea pode cadastrar as remessas em tempo real ou em lote no final do dia, durante o fechamento de caixa. Assim, sua equipe mant\u00e9m tudo organizado e atualizado sem comprometer o atendimento ao cliente.\t\t\t\t\t\t<\/div>\n\n\t\t\t\t\t<\/div>\n\t\t\t\t\n\t\t\t\t\t<div\n\t\t\t\t\t\tclass=\"jltma-accordion-item elementor-repeater-item-aff089f \">\n\t\t\t\t\t\t<div \t\t\tid=\"jltma-accordion-tab-title-8068\" class=\"jltma-accordion-tab-title jltma-accordion-header\" tabindex=\"8068\" data-tab=\"8\" role=\"tab\" aria-controls=\"jltma-accordion-tab-content-8068\">\n\t\t\t\t\t\t\t<div class=\"jltma-accordion-title-icon\">\n\n\t\t\t\t\t\t\t\t\n\t\t\t\t\t\t\t\t<div class=\"jltma-accordion-title-text\">\n\t\t\t\t\t\t\t\t\t8) Existe algum custo de instala\u00e7\u00e3o?\t\t\t\t\t\t\t\t<\/div>\n\t\t\t\t\t\t\t<\/div>\n\n\t\t\t\t\t\t\t\t\t\t\t\t\t\t\t\t<span class=\"jltma-accordion-toggle-icon jltma-accordion-tab-icon\">\n\t\t\t\t\t\t\t\t\t\t<i aria-hidden=\"true\" class=\"jltma-el-accordion-icon-closed fas fa-minus-circle\"><\/i><i aria-hidden=\"true\" class=\"jltma-el-accordion-icon-opened fas fa-plus-circle\"><\/i>\t\t\t\t\t\t\t\t\t<\/span>\n\t\t\t\t\t\t\t\t\n\t\t\t\t\t\t<\/div>\n\n\t\t\t\t\t\t<div id=\"jltma-accordion-tab-content-8068\" class=\"jltma-accordion-tab-content\" data-tab=\"8\" role=\"tabpanel\" aria-labelledby=\"jltma-accordion-tab-title-8068\">\n\t\t\t\t\t\t\t<p>N\u00e3o h\u00e1 custo de instala\u00e7\u00e3o. Ap\u00f3s assinar o plano, ser\u00e1 criado seu login e senha e voc\u00ea j\u00e1 poder\u00e1 contar com as facilidades do nosso sistema. Ap\u00f3s o per\u00edodo de teste ser\u00e1 cobrado apenas o valor mensal ou anual, conforme o plano contratado.<\/p><p>Em qualquer momento voc\u00ea poder\u00e1 contar com nosso suporte gratuito para lhe auxiliar em suas d\u00favidas atrav\u00e9s de abertura de chamados por email, chat ou whatsapp.<\/p>\t\t\t\t\t\t<\/div>\n\n\t\t\t\t\t<\/div>\n\t\t\t\t\n\t\t\t\t\t<div\n\t\t\t\t\t\tclass=\"jltma-accordion-item elementor-repeater-item-b37631b \">\n\t\t\t\t\t\t<div \t\t\tid=\"jltma-accordion-tab-title-8069\" class=\"jltma-accordion-tab-title jltma-accordion-header\" tabindex=\"8069\" data-tab=\"9\" role=\"tab\" aria-controls=\"jltma-accordion-tab-content-8069\">\n\t\t\t\t\t\t\t<div class=\"jltma-accordion-title-icon\">\n\n\t\t\t\t\t\t\t\t\n\t\t\t\t\t\t\t\t<div class=\"jltma-accordion-title-text\">\n\t\t\t\t\t\t\t\t\t9) Como eu fa\u00e7o para tirar d\u00favidas sobre os planos?\t\t\t\t\t\t\t\t<\/div>\n\t\t\t\t\t\t\t<\/div>\n\n\t\t\t\t\t\t\t\t\t\t\t\t\t\t\t\t<span class=\"jltma-accordion-toggle-icon jltma-accordion-tab-icon\">\n\t\t\t\t\t\t\t\t\t\t<i aria-hidden=\"true\" class=\"jltma-el-accordion-icon-closed fas fa-minus-circle\"><\/i><i aria-hidden=\"true\" class=\"jltma-el-accordion-icon-opened fas fa-plus-circle\"><\/i>\t\t\t\t\t\t\t\t\t<\/span>\n\t\t\t\t\t\t\t\t\n\t\t\t\t\t\t<\/div>\n\n\t\t\t\t\t\t<div id=\"jltma-accordion-tab-content-8069\" class=\"jltma-accordion-tab-content\" data-tab=\"9\" role=\"tabpanel\" aria-labelledby=\"jltma-accordion-tab-title-8069\">\n\t\t\t\t\t\t\tPara esclarecer todas as suas d\u00favidas sobre os planos, basta entrar em contato com um dos nossos especialistas. Clique aqui e estaremos prontos para ajudar voc\u00ea a escolher o plano que melhor atende \u00e0s suas necessidades.\t\t\t\t\t\t<\/div>\n\n\t\t\t\t\t<\/div>\n\t\t\t\t\n\t\t\t\t\t<div\n\t\t\t\t\t\tclass=\"jltma-accordion-item elementor-repeater-item-7da6a2c \">\n\t\t\t\t\t\t<div \t\t\tid=\"jltma-accordion-tab-title-80610\" class=\"jltma-accordion-tab-title jltma-accordion-header\" tabindex=\"80610\" data-tab=\"10\" role=\"tab\" aria-controls=\"jltma-accordion-tab-content-80610\">\n\t\t\t\t\t\t\t<div class=\"jltma-accordion-title-icon\">\n\n\t\t\t\t\t\t\t\t\n\t\t\t\t\t\t\t\t<div class=\"jltma-accordion-title-text\">\n\t\t\t\t\t\t\t\t\t10) Como funciona o servi\u00e7o de suporte?\t\t\t\t\t\t\t\t<\/div>\n\t\t\t\t\t\t\t<\/div>\n\n\t\t\t\t\t\t\t\t\t\t\t\t\t\t\t\t<span class=\"jltma-accordion-toggle-icon jltma-accordion-tab-icon\">\n\t\t\t\t\t\t\t\t\t\t<i aria-hidden=\"true\" class=\"jltma-el-accordion-icon-closed fas fa-minus-circle\"><\/i><i aria-hidden=\"true\" class=\"jltma-el-accordion-icon-opened fas fa-plus-circle\"><\/i>\t\t\t\t\t\t\t\t\t<\/span>\n\t\t\t\t\t\t\t\t\n\t\t\t\t\t\t<\/div>\n\n\t\t\t\t\t\t<div id=\"jltma-accordion-tab-content-80610\" class=\"jltma-accordion-tab-content\" data-tab=\"10\" role=\"tabpanel\" aria-labelledby=\"jltma-accordion-tab-title-80610\">\n\t\t\t\t\t\t\tA MsB Manager oferece manuais e v\u00eddeos tutoriais para ajudar voc\u00ea a aproveitar todas as funcionalidades da nossa plataforma. Al\u00e9m disso, nossa equipe de suporte est\u00e1 dispon\u00edvel para esclarecer d\u00favidas e oferecer assist\u00eancia personalizada, incluindo agendamento para aux\u00edlio na implanta\u00e7\u00e3o.\n\nVoc\u00ea pode abrir um chamado diretamente pelo bot\u00e3o de suporte no seu portal ou entrar em contato atrav\u00e9s da nossa central de atendimento pelo telefone. Nosso hor\u00e1rio de atendimento \u00e9 de segunda a sexta-feira, das 8am \u00e0s 6pm.\t\t\t\t\t\t<\/div>\n\n\t\t\t\t\t<\/div>\n\t\t\t\t\t\t\t<\/div>\n\t\t<\/div>\n\t\t\t\t\t\t<\/div>\n\t\t\t\t<\/div>\n\t\t\t\t\t<\/div>\n\t\t<\/div>\n\t\t\t\t\t<\/div>\n\t\t<\/section>\n\t\t\t\t<section class=\"elementor-section elementor-top-section elementor-element elementor-element-b6b1246 elementor-section-boxed elementor-section-height-default elementor-section-height-default jltma-glass-effect-no elementor-invisible\" data-id=\"b6b1246\" data-element_type=\"section\" data-settings=\"{&quot;background_background&quot;:&quot;classic&quot;,&quot;animation&quot;:&quot;fadeIn&quot;}\">\n\t\t\t\t\t\t<div class=\"elementor-container elementor-column-gap-default\">\n\t\t\t\t\t<div class=\"elementor-column elementor-col-50 elementor-top-column elementor-element elementor-element-6071103 jltma-glass-effect-no\" data-id=\"6071103\" data-element_type=\"column\">\n\t\t\t<div class=\"elementor-widget-wrap elementor-element-populated\">\n\t\t\t\t\t\t<div class=\"elementor-element elementor-element-aa90caf jltma-glass-effect-no elementor-widget elementor-widget-text-editor\" data-id=\"aa90caf\" data-element_type=\"widget\" data-widget_type=\"text-editor.default\">\n\t\t\t\t<div class=\"elementor-widget-container\">\n\t\t\t\t\t\t\t\t\t<p style=\"text-align: left;\">Ainda tem d\u00favidas?<\/p><p style=\"text-align: left;\">N\u00f3s temos as respostas.<\/p>\t\t\t\t\t\t\t\t<\/div>\n\t\t\t\t<\/div>\n\t\t\t\t\t<\/div>\n\t\t<\/div>\n\t\t\t\t<div class=\"elementor-column elementor-col-50 elementor-top-column elementor-element elementor-element-c7ecce1 jltma-glass-effect-no\" data-id=\"c7ecce1\" data-element_type=\"column\">\n\t\t\t<div class=\"elementor-widget-wrap elementor-element-populated\">\n\t\t\t\t\t\t<div class=\"elementor-element elementor-element-3f9f14a elementor-mobile-align-center elementor-align-center jltma-glass-effect-no elementor-widget elementor-widget-button\" data-id=\"3f9f14a\" data-element_type=\"widget\" data-widget_type=\"button.default\">\n\t\t\t\t<div class=\"elementor-widget-container\">\n\t\t\t\t\t\t\t\t\t<div class=\"elementor-button-wrapper\">\n\t\t\t\t\t<a class=\"elementor-button elementor-button-link elementor-size-sm elementor-animation-bob\" href=\"http:\/\/msbmanager.us\/pt\/fale-com-um-especialista\/\" target=\"_blank\">\n\t\t\t\t\t\t<span class=\"elementor-button-content-wrapper\">\n\t\t\t\t\t\t\t\t\t<span class=\"elementor-button-text\">FALAR COM UM ESPECIALISTA<\/span>\n\t\t\t\t\t<\/span>\n\t\t\t\t\t<\/a>\n\t\t\t\t<\/div>\n\t\t\t\t\t\t\t\t<\/div>\n\t\t\t\t<\/div>\n\t\t\t\t\t<\/div>\n\t\t<\/div>\n\t\t\t\t\t<\/div>\n\t\t<\/section>\n\t\t\t\t<\/div>\n\t\t\r\n\t\t\t<div id=\"daexthefu-container\"\r\n\t\t\t\tclass=\"daexthefu-container daexthefu-layout-side-by-side daexthefu-alignment-left\"\r\n\t\t\t\tdata-post-id=\"959\">\r\n\r\n\t\t\t\t<div class=\"daexthefu-feedback\">\r\n\t\t\t\t\t<div class=\"daexthefu-text\">\r\n\t\t\t\t\t\t<h3 class=\"daexthefu-title\">Was this helpful?<\/h3>\r\n\t\t\t\t\t<\/div>\r\n\t\t\t\t\t<div class=\"daexthefu-buttons-container\">\r\n\t\t\t\t\t\t<div class=\"daexthefu-buttons\">\r\n\t\t\t\t\t\t\t\r\n\t\t\t<div class=\"daexthefu-yes daexthefu-button daexthefu-button-type-text\" data-value=\"1\">\r\n\t\t\t\t<div class=\"daexthefu-button-text\">Yes<\/div>\r\n\t\t\t<\/div>\r\n\r\n\t\t\t\t\t\t\t\t\t\t\r\n\t\t\t<div class=\"daexthefu-no daexthefu-button daexthefu-button-type-text\" data-value=\"0\">\r\n\t\t\t\t<div class=\"daexthefu-button-text\">No<\/div>\r\n\t\t\t<\/div>\r\n\r\n\t\t\t\t\t\t\t\t\t<\/div>\r\n\t\t\t\t\t<\/div>\r\n\t\t\t\t<\/div>\r\n\r\n\t\t\t\t<div class=\"daexthefu-comment\">\r\n\t\t\t\t\t<div class=\"daexthefu-comment-top-container\">\r\n\t\t\t\t\t\t<label id=\"daexthefu-comment-label\" class=\"daexthefu-comment-label\"><\/label>\r\n\t\t\t\t\t\t\t\t\t\t\t\t\t<div class=\"daexthefu-comment-character-counter-container\">\r\n\t\t\t\t\t\t\t\t<div id=\"daexthefu-comment-character-counter-number\"\r\n\t\t\t\t\t\t\t\t\tclass=\"daexthefu-comment-character-counter-number\"><\/div>\r\n\t\t\t\t\t\t\t\t<div class=\"daexthefu-comment-character-counter-text\"><\/div>\r\n\t\t\t\t\t\t\t<\/div>\r\n\t\t\t\t\t\t\t\t\t\t\t<\/div>\r\n\t\t\t\t\t<textarea id=\"daexthefu-comment-textarea\" class=\"daexthefu-comment-textarea\"\r\n\t\t\t\t\t\t\t\tplaceholder=\"Type your message\"\r\n\t\t\t\t\t\t\t\tmaxlength=\"\r\n\t\t\t\t\t\t\t\t400\t\t\t\t\t\t\t\t\t\"><\/textarea>\r\n\t\t\t\t\t<div class=\"daexthefu-comment-buttons-container\">\r\n\t\t\t\t\t\t<button class=\"daexthefu-comment-submit daexthefu-button\">Submit<\/button>\r\n\t\t\t\t\t\t<button class=\"daexthefu-comment-cancel daexthefu-button\">Cancel<\/button>\r\n\t\t\t\t\t<\/div>\r\n\t\t\t\t<\/div>\r\n\r\n\t\t\t\t<div class=\"daexthefu-successful-submission-text\">Thanks for your feedback!<\/div>\r\n\r\n\t\t\t<\/div>\r\n\r\n\t\t\t","protected":false},"excerpt":{"rendered":"<p>Perguntas Frequentes FAQ 1) O que \u00e9 MSB? O termo, em ingl\u00eas, significa \u201cMoney Services Business\u201d que em portugu\u00eas \u00e9 traduzido como \u201c Neg\u00f3cios de Servi\u00e7os Financeiros\u201d. Nessa classifica\u00e7\u00e3o est\u00e3o inclusos diversos tipos de neg\u00f3cios no mercado americano, como trocas de cheques, emissores de money orders e, entre outros est\u00e3o os neg\u00f3cios que prestam servi\u00e7os [&hellip;]<\/p>\n","protected":false},"author":1,"featured_media":0,"parent":0,"menu_order":0,"comment_status":"closed","ping_status":"closed","template":"","meta":{"_helpful_status":1,"footnotes":""},"class_list":["post-959","page","type-page","status-publish","hentry"],"_links":{"self":[{"href":"https:\/\/msbmanager.us\/pt\/wp-json\/wp\/v2\/pages\/959","targetHints":{"allow":["GET"]}}],"collection":[{"href":"https:\/\/msbmanager.us\/pt\/wp-json\/wp\/v2\/pages"}],"about":[{"href":"https:\/\/msbmanager.us\/pt\/wp-json\/wp\/v2\/types\/page"}],"author":[{"embeddable":true,"href":"https:\/\/msbmanager.us\/pt\/wp-json\/wp\/v2\/users\/1"}],"replies":[{"embeddable":true,"href":"https:\/\/msbmanager.us\/pt\/wp-json\/wp\/v2\/comments?post=959"}],"version-history":[{"count":17,"href":"https:\/\/msbmanager.us\/pt\/wp-json\/wp\/v2\/pages\/959\/revisions"}],"predecessor-version":[{"id":1675,"href":"https:\/\/msbmanager.us\/pt\/wp-json\/wp\/v2\/pages\/959\/revisions\/1675"}],"wp:attachment":[{"href":"https:\/\/msbmanager.us\/pt\/wp-json\/wp\/v2\/media?parent=959"}],"curies":[{"name":"wp","href":"https:\/\/api.w.org\/{rel}","templated":true}]}}